{"id":2568,"date":"2016-09-27T19:24:31","date_gmt":"2016-09-27T19:24:31","guid":{"rendered":"https:\/\/wulcan.ee\/about\/"},"modified":"2024-12-07T15:37:49","modified_gmt":"2024-12-07T15:37:49","slug":"about","status":"publish","type":"page","link":"https:\/\/wulcan.ee\/en\/about\/","title":{"rendered":"ABOUT"},"content":{"rendered":"<p class=\"p1\">Wulcan on strateegiline br\u00e4ndi- ja disainielamusi pakkuv loovagentuur.<\/p>\n<p class=\"p1\">Meie t\u00f6\u00f6tegemist iseloomustab p\u00f5him\u00f5te, et p\u00f5hjalik ja julge strateegia, l\u00e4bim\u00f5eldud disain ja innovaatiline loomingulisus v\u00f5idab alati! P\u00fchendame end unikaalsete ja meeldej\u00e4\u00e4vate elamuste loomisele ning innovatsiooni ja edu toomisele igasse br\u00e4ndi, ettev\u00f5ttesse ja projekti, mille osaks saame.<\/p>\n<p class=\"p1\">Meie laiahaardelises tiimis segunevad omavahel erinevate valdkondade talendid, alustades graafilise disaini, video produktsiooni ja muusika, l\u00f5petades IT ja filoloogiaga, mist\u00f5ttu saame pakkuda t\u00e4ielikku in-house teenust suurema efektiivsuse ja l\u00e4bil\u00f6\u00f6giv\u00f5imega. Oleme kartmatult j\u00e4rjekindlad ja j\u00e4rjekindlalt v\u00e4ljakutsetele silmavaatavad, avarapilgulised aga detaile silmas pidavad ning k\u00f5ige olulisimalt &#8211; naturaalselt loomingulised koost\u00f6\u00f6armastajad.<\/p>\n<p class=\"p1\">T\u00f6\u00f6tame mobiilselt nii l\u00e4hedalt kui kaugelt \u00fcle ilma!<\/p>\n","protected":false},"excerpt":{"rendered":"<p>Wulcan on strateegiline br\u00e4ndi- ja disainielamusi pakkuv loovagentuur. Meie t\u00f6\u00f6tegemist iseloomustab p\u00f5him\u00f5te, et p\u00f5hjalik ja julge strateegia, l\u00e4bim\u00f5eldud disain ja innovaatiline loomingulisus v\u00f5idab alati! P\u00fchendame end unikaalsete ja meeldej\u00e4\u00e4vate elamuste loomisele ning innovatsiooni ja edu toomisele igasse br\u00e4ndi, ettev\u00f5ttesse ja projekti, mille osaks saame. Meie laiahaardelises tiimis segunevad omavahel erinevate valdkondade talendid, alustades graafilise disaini, [&hellip;]<\/p>\n","protected":false},"author":5,"featured_media":4502,"parent":0,"menu_order":0,"comment_status":"closed","ping_status":"closed","template":"templates\/about.php","meta":{"_acf_changed":false,"inline_featured_image":false,"footnotes":""},"class_list":["post-2568","page","type-page","status-publish","has-post-thumbnail","hentry"],"acf":[],"_links":{"self":[{"href":"https:\/\/wulcan.ee\/en\/wp-json\/wp\/v2\/pages\/2568"}],"collection":[{"href":"https:\/\/wulcan.ee\/en\/wp-json\/wp\/v2\/pages"}],"about":[{"href":"https:\/\/wulcan.ee\/en\/wp-json\/wp\/v2\/types\/page"}],"author":[{"embeddable":true,"href":"https:\/\/wulcan.ee\/en\/wp-json\/wp\/v2\/users\/5"}],"replies":[{"embeddable":true,"href":"https:\/\/wulcan.ee\/en\/wp-json\/wp\/v2\/comments?post=2568"}],"version-history":[{"count":5,"href":"https:\/\/wulcan.ee\/en\/wp-json\/wp\/v2\/pages\/2568\/revisions"}],"predecessor-version":[{"id":5501,"href":"https:\/\/wulcan.ee\/en\/wp-json\/wp\/v2\/pages\/2568\/revisions\/5501"}],"wp:featuredmedia":[{"embeddable":true,"href":"https:\/\/wulcan.ee\/en\/wp-json\/wp\/v2\/media\/4502"}],"wp:attachment":[{"href":"https:\/\/wulcan.ee\/en\/wp-json\/wp\/v2\/media?parent=2568"}],"curies":[{"name":"wp","href":"https:\/\/api.w.org\/{rel}","templated":true}]}}